{"id":14,"date":"2015-05-08T17:00:38","date_gmt":"2015-05-08T17:00:38","guid":{"rendered":"http:\/\/gipsy-soignies.be\/?page_id=14"},"modified":"2021-03-11T13:31:00","modified_gmt":"2021-03-11T12:31:00","slug":"historique-magasin-gipsy-soignies","status":"publish","type":"page","link":"https:\/\/gipsy-soignies.be\/home\/historique-magasin-gipsy-soignies\/","title":{"rendered":"Historique"},"content":{"rendered":"<p><div class=\"fusion-fullwidth fullwidth-box fusion-builder-row-1 hundred-percent-fullwidth non-hundred-percent-height-scrolling fusion-equal-height-columns\" style=\"--awb-background-position:left top;--awb-border-radius-top-left:0px;--awb-border-radius-top-right:0px;--awb-border-radius-bottom-right:0px;--awb-border-radius-bottom-left:0px;--awb-padding-top:0px;--awb-padding-right:0px;--awb-padding-bottom:0px;--awb-padding-left:0px;--awb-border-sizes-top:0px;--awb-border-sizes-bottom:0px;--awb-flex-wrap:wrap;\" ><div class=\"fusion-builder-row fusion-row\"><div class=\"fusion-layout-column fusion_builder_column fusion-builder-column-0 fusion_builder_column_1_2 1_2 fusion-one-half fusion-column-first fusion-column-inner-bg-wrapper\" style=\"--awb-inner-bg-color:#f0f0f0;--awb-inner-bg-color-hover:#f0f0f0;--awb-inner-bg-image:url(&#039;https:\/\/gipsy-soignies.be\/wp-content\/uploads\/2018\/11\/famille-gipsy-delhez.jpg&#039;);--awb-inner-bg-position:center center;--awb-inner-bg-size:cover;--awb-margin-bottom:0px;\"><span class=\"fusion-column-inner-bg hover-type-zoomin\"><a class=\"fusion-column-anchor\" href=\"http:\/\/gipsy-soignies.be\/mens-shop\"><span class=\"fusion-column-inner-bg-image\"><\/span><\/a><\/span><div class=\"fusion-column-wrapper fusion-flex-column-wrapper-legacy fusion-empty-column-bg-image fusion-column-has-bg-image\" data-bg-url=\"https:\/\/gipsy-soignies.be\/wp-content\/uploads\/2018\/11\/famille-gipsy-delhez.jpg\"><img decoding=\"async\" class=\"fusion-empty-dims-img-placeholder fusion-no-large-visibility\" src=\"data:image\/svg+xml,%3Csvg%20xmlns%3D%27http%3A%2F%2Fwww.w3.org%2F2000%2Fsvg%27%20width%3D%271273%27%20height%3D%27923%27%20viewBox%3D%270%200%201273%20923%27%3E%3Crect%20width%3D%271273%27%20height%3D%27923%27%20fill-opacity%3D%220%22%2F%3E%3C%2Fsvg%3E\"><div class=\"fusion-clearfix\"><\/div><\/div><\/div><div class=\"fusion-layout-column fusion_builder_column fusion-builder-column-1 fusion_builder_column_1_2 1_2 fusion-one-half fusion-column-last\" style=\"--awb-padding-top:13%;--awb-padding-right:13%;--awb-padding-bottom:13%;--awb-padding-left:13%;--awb-bg-color:#f0f0f0;--awb-bg-color-hover:#f0f0f0;--awb-bg-position:center center;--awb-bg-size:cover;--awb-margin-bottom:0px;\"><div class=\"fusion-column-wrapper fusion-flex-column-wrapper-legacy\"><div class=\"fusion-column-content-centered\"><div class=\"fusion-column-content\"><div class=\"fusion-text fusion-text-1\"><h5 style=\"text-align: center;\">Depuis plus de 30 ans<\/h5>\n<\/div><div class=\"fusion-sep-clear\"><\/div><div class=\"fusion-separator\" style=\"margin-left: auto;margin-right: auto;margin-top:0px;margin-bottom:25px;width:100%;max-width:30px;\"><div class=\"fusion-separator-border sep-single sep-solid\" style=\"--awb-height:20px;--awb-amount:20px;--awb-sep-color:#999999;border-color:#999999;border-top-width:1px;\"><\/div><\/div><div class=\"fusion-sep-clear\"><\/div><div class=\"fusion-text fusion-text-2\"><h4 style=\"text-align: center;\"><span style=\"font-size: 33px;\">Gipsy est \u00e0 votre service<\/span><\/h4>\n<\/div><div class=\"fusion-sep-clear\"><\/div><div class=\"fusion-separator\" style=\"margin-left: auto;margin-right: auto;margin-top:5px;margin-bottom:5px;width:100%;max-width:170px;\"><\/div><div class=\"fusion-sep-clear\"><\/div><div class=\"fusion-text fusion-text-3\"><p style=\"text-align: center;\">L\u2019ouverture du magasin GIPSY en 1987 trouve, probablement, son explication dans l\u2019origine de son fondateur, Mr Delhez, issu d\u2019une famille active dans le commerce de d\u00e9tail depuis plus d\u2019un si\u00e8cle en r\u00e9gion li\u00e9geoise dans la petite ville de Herve. Le commerce \u00e9tait et l\u2019est encore dans l\u2019\u00e2me du fondateur puisqu\u2019 il a exerc\u00e9, \u00e0 partir de 1959 et durant plus de 10 ann\u00e9es, les fonctions d\u2019acheteur jouets au sein des \u00ab Galeries Anspach \u00bb \u00e0 Bruxelles et par la suite, a mis en \u0153uvre le d\u00e9veloppement d\u2019une activit\u00e9 d\u2019importation de jouets, toujours active \u00e0 ce jour \u00e0 Soignies.<\/p>\n<\/div><\/div><\/div><div class=\"fusion-clearfix\"><\/div><\/div><\/div><\/div><\/div><div class=\"fusion-fullwidth fullwidth-box fusion-builder-row-2 nonhundred-percent-fullwidth non-hundred-percent-height-scrolling\" style=\"--awb-background-position:left top;--awb-border-radius-top-left:0px;--awb-border-radius-top-right:0px;--awb-border-radius-bottom-right:0px;--awb-border-radius-bottom-left:0px;--awb-padding-top:150px;--awb-padding-bottom:0px;--awb-border-sizes-top:0px;--awb-border-sizes-bottom:0px;--awb-flex-wrap:wrap;\" ><div class=\"fusion-builder-row fusion-row\"><div class=\"fusion-layout-column fusion_builder_column fusion-builder-column-2 fusion_builder_column_1_6 1_6 fusion-one-sixth fusion-column-first\" style=\"--awb-bg-size:cover;width:13.3333%; margin-right: 4%;\"><div class=\"fusion-column-wrapper fusion-flex-column-wrapper-legacy\"><div class=\"fusion-clearfix\"><\/div><\/div><\/div><div class=\"fusion-layout-column fusion_builder_column fusion-builder-column-3 fusion_builder_column_2_3 2_3 fusion-two-third\" style=\"--awb-bg-size:cover;width:65.3333%; margin-right: 4%;\"><div class=\"fusion-column-wrapper fusion-flex-column-wrapper-legacy\"><div class=\"fusion-text fusion-text-4\"><p style=\"text-align: center;\">Ce pass\u00e9 explique, sans doute, le cheminement de la famille Delhez dans l\u2019activit\u00e9 commerciale actuelle o\u00f9 tous les membres de la famille occupent une fonction importante et responsable au sein du magasin. L\u2019ouverture de cette surface de vente r\u00e9sultait d\u2019un constat qu\u2019\u00e0 cette \u00e9poque, il n\u2019y avait pas dans l\u2019entit\u00e9 de Soignies de surface commerciale moderne, spacieuse et disposant d\u2019un parking suffisant : cela permettait donc de cr\u00e9er un petit centre commercial consacr\u00e9, principalement, au pr\u00eat-\u00e0-porter, qui correspondait \u00e0 la formation technique de Madame Delhez et un d\u00e9partement jouet sp\u00e9cialis\u00e9 cadrant avec l\u2019activit\u00e9 sp\u00e9cialis\u00e9e de Monsieur Delhez. Aujourd\u2019hui, la nouvelle g\u00e9n\u00e9ration avec Anne et Jean-Pierre a pris le relais pour assurer la continuit\u00e9 et le succ\u00e8s de l\u2019entreprise.<\/p>\n<\/div><div class=\"fusion-sep-clear\"><\/div><div class=\"fusion-separator\" style=\"margin-left: auto;margin-right: auto;margin-top:5px;margin-bottom:20px;width:100%;max-width:30px;\"><div class=\"fusion-separator-border sep-single sep-solid\" style=\"--awb-height:20px;--awb-amount:20px;--awb-sep-color:#999999;border-color:#999999;border-top-width:1px;\"><\/div><\/div><div class=\"fusion-sep-clear\"><\/div><div class=\"fusion-text fusion-text-5\"><h4 style=\"text-align: center; font-size: 33px; line-height: 50px;\">Votre satisfaction est notre carburant &#8230; merci pour votre fid\u00e9lit\u00e9 et votre confiance<\/h4>\n<\/div><div class=\"fusion-clearfix\"><\/div><\/div><\/div><div class=\"fusion-layout-column fusion_builder_column fusion-builder-column-4 fusion_builder_column_1_6 1_6 fusion-one-sixth fusion-column-last\" style=\"--awb-bg-size:cover;width:13.3333%;\"><div class=\"fusion-column-wrapper fusion-flex-column-wrapper-legacy\"><div class=\"fusion-clearfix\"><\/div><\/div><\/div><\/div><\/div><\/p>\n","protected":false},"excerpt":{"rendered":"","protected":false},"author":1,"featured_media":0,"parent":0,"menu_order":0,"comment_status":"open","ping_status":"open","template":"100-width.php","meta":{"footnotes":""},"_links":{"self":[{"href":"https:\/\/gipsy-soignies.be\/home\/wp-json\/wp\/v2\/pages\/14"}],"collection":[{"href":"https:\/\/gipsy-soignies.be\/home\/wp-json\/wp\/v2\/pages"}],"about":[{"href":"https:\/\/gipsy-soignies.be\/home\/wp-json\/wp\/v2\/types\/page"}],"author":[{"embeddable":true,"href":"https:\/\/gipsy-soignies.be\/home\/wp-json\/wp\/v2\/users\/1"}],"replies":[{"embeddable":true,"href":"https:\/\/gipsy-soignies.be\/home\/wp-json\/wp\/v2\/comments?post=14"}],"version-history":[{"count":10,"href":"https:\/\/gipsy-soignies.be\/home\/wp-json\/wp\/v2\/pages\/14\/revisions"}],"predecessor-version":[{"id":2124,"href":"https:\/\/gipsy-soignies.be\/home\/wp-json\/wp\/v2\/pages\/14\/revisions\/2124"}],"wp:attachment":[{"href":"https:\/\/gipsy-soignies.be\/home\/wp-json\/wp\/v2\/media?parent=14"}],"curies":[{"name":"wp","href":"https:\/\/api.w.org\/{rel}","templated":true}]}}