{"id":2192,"date":"2019-03-22T12:29:23","date_gmt":"2019-03-22T11:29:23","guid":{"rendered":"https:\/\/gipsy-soignies.be\/?post_type=product&#038;p=2192"},"modified":"2019-03-22T12:29:23","modified_gmt":"2019-03-22T11:29:23","slug":"chemise-manches-longues-regular-fit","status":"publish","type":"product","link":"https:\/\/gipsy-soignies.be\/home\/product\/chemise-manches-longues-regular-fit\/","title":{"rendered":"Chemise &#8211; Manches longues &#8211; Regular fit"},"content":{"rendered":"<p>Chemise &#8211; Manches longues &#8211; Regular fit &#8211; Popeline imprim\u00e9 &#8211; Col boutonn\u00e9 m\u00e9dium &#8211; Sans poche poitrine &#8211; Logo brod\u00e9 sur la poitrine<\/p>\n<ul>\n<li>Coton 97%<\/li>\n<li>\u00c9lastane 3%<\/li>\n<li>Imprim\u00e9<\/li>\n<li>Regular Fit<\/li>\n<li>Sans poche poitrine<\/li>\n<li>Spring 2019 &#8211; Casual<\/li>\n<\/ul>\n","protected":false},"excerpt":{"rendered":"<p>Chemise &#8211; Manches longues &#8211; Regular fit &#8211; Popeline imprim\u00e9 &#8211; Col boutonn\u00e9 m\u00e9dium &#8211; Sans poche poitrine &#8211; Logo brod\u00e9 sur la poitrine<\/p>\n","protected":false},"featured_media":2193,"template":"","meta":[],"product_cat":[39,37],"product_tag":[],"_links":{"self":[{"href":"https:\/\/gipsy-soignies.be\/home\/wp-json\/wp\/v2\/product\/2192"}],"collection":[{"href":"https:\/\/gipsy-soignies.be\/home\/wp-json\/wp\/v2\/product"}],"about":[{"href":"https:\/\/gipsy-soignies.be\/home\/wp-json\/wp\/v2\/types\/product"}],"wp:featuredmedia":[{"embeddable":true,"href":"https:\/\/gipsy-soignies.be\/home\/wp-json\/wp\/v2\/media\/2193"}],"wp:attachment":[{"href":"https:\/\/gipsy-soignies.be\/home\/wp-json\/wp\/v2\/media?parent=2192"}],"wp:term":[{"taxonomy":"product_cat","embeddable":true,"href":"https:\/\/gipsy-soignies.be\/home\/wp-json\/wp\/v2\/product_cat?post=2192"},{"taxonomy":"product_tag","embeddable":true,"href":"https:\/\/gipsy-soignies.be\/home\/wp-json\/wp\/v2\/product_tag?post=2192"}],"curies":[{"name":"wp","href":"https:\/\/api.w.org\/{rel}","templated":true}]}}